{"id":223,"date":"2016-10-23T09:15:42","date_gmt":"2016-10-23T09:15:42","guid":{"rendered":"http:\/\/tischlerei-dell-missier.de\/?page_id=223"},"modified":"2016-11-08T07:31:22","modified_gmt":"2016-11-08T07:31:22","slug":"fenster","status":"publish","type":"page","link":"https:\/\/tischlerei-dell-missier.de\/?page_id=223","title":{"rendered":"Fenster"},"content":{"rendered":"<p>[et_pb_section admin_label=&#8220;Sektion&#8220; fullwidth=&#8220;on&#8220; specialty=&#8220;off&#8220;][et_pb_fullwidth_image admin_label=&#8220;Volle Breite des Bildes&#8220; src=&#8220;http:\/\/tischlerei-dell-missier.de\/wp-content\/uploads\/2016\/05\/logokomplett-2.jpg&#8220; show_in_lightbox=&#8220;off&#8220; url_new_window=&#8220;off&#8220; use_overlay=&#8220;off&#8220; animation=&#8220;fade_in&#8220; use_border_color=&#8220;off&#8220; border_color=&#8220;#ffffff&#8220; border_style=&#8220;solid&#8220;] [\/et_pb_fullwidth_image][\/et_pb_section][et_pb_section admin_label=&#8220;section&#8220;][et_pb_row admin_label=&#8220;row&#8220;][et_pb_column type=&#8220;4_4&#8243;][et_pb_text admin_label=&#8220;Text&#8220; background_layout=&#8220;light&#8220; text_orientation=&#8220;left&#8220; use_border_color=&#8220;off&#8220; border_color=&#8220;#ffffff&#8220; border_style=&#8220;solid&#8220;]<\/p>\n<h4><strong>Fenster<\/strong><\/h4>\n<p>Ein wesentliches Segment unserer Angebotspalette bildet das Fenster.<\/p>\n<p>Vom stumpf einschlagenden oder \u00fcberf\u00e4lzten Zargenfenster, passend f\u00fcr das Reetgedeckte Haus, gefertigt aus hochwertigen Tropen- oder Europ\u00e4ischem Nadelholz, \u00fcber das Dreh \u2013 Kippfenster aus Holz oder Kunststoff, zum Fenster aus Aluminium oder dem Fenster aus Verbundmaterialien, liefern und montieren wir\u00a0eine gro\u00dfe Auswahl an Fenstertypen und Formen passend zum jeweiligen Geb\u00e4udetyp und Kundengeschmack.<\/p>\n<p>Gerne helfen wir Ihnen den f\u00fcr Sie richtigen Fenstertyp zu finden und beraten Sie zur Form mit Proportionen, W\u00e4rmeschutzverglasungen, Einbruchhemmende Beschlagtechnik, Mauerwerksanschl\u00fcsse\u2026..sowie farbliche Gestaltung.<\/p>\n<p>Ein ansprechendes Innenfensterfutter nebst Fensterbank k\u00f6nnte Ihre Innenraumgestaltung zus\u00e4tzlich versch\u00f6nern und aufwerten.<\/p>\n<p>[\/et_pb_text][et_pb_gallery admin_label=&#8220;Galerie&#8220; gallery_ids=&#8220;355,353,354,352,351,225,224&#8243; fullwidth=&#8220;on&#8220; show_title_and_caption=&#8220;on&#8220; show_pagination=&#8220;on&#8220; background_layout=&#8220;light&#8220; auto=&#8220;on&#8220; auto_speed=&#8220;3000&#8243; hover_overlay_color=&#8220;rgba(255,255,255,0.9)&#8220; caption_all_caps=&#8220;off&#8220; use_border_color=&#8220;off&#8220; border_color=&#8220;#ffffff&#8220; border_style=&#8220;solid&#8220;] [\/et_pb_gallery][\/et_pb_column][\/et_pb_row][\/et_pb_section]<\/p>\n","protected":false},"excerpt":{"rendered":"<p>Fenster Ein wesentliches Segment unserer Angebotspalette bildet das Fenster. Vom stumpf einschlagenden oder \u00fcberf\u00e4lzten Zargenfenster, passend f\u00fcr das Reetgedeckte Haus, gefertigt aus hochwertigen Tropen- oder Europ\u00e4ischem Nadelholz, \u00fcber das Dreh \u2013 Kippfenster aus Holz oder Kunststoff, zum Fenster aus Aluminium oder dem Fenster aus Verbundmaterialien, liefern und montieren wir\u00a0eine gro\u00dfe Auswahl an Fenstertypen und Formen [&hellip;]<\/p>\n","protected":false},"author":1,"featured_media":0,"parent":0,"menu_order":0,"comment_status":"closed","ping_status":"open","template":"","meta":{"_et_pb_use_builder":"on","_et_pb_old_content":"<p>This is an example page. It's different from a blog post because it will stay in one place and will show up in your site navigation (in most themes). Most people start with an About page that introduces them to potential site visitors. It might say something like this:<\/p><blockquote><p>Hi there! I'm a bike messenger by day, aspiring actor by night, and this is my website. I live in Los Angeles, have a great dog named Jack, and I like pi\u00f1a coladas. (And gettin' caught in the rain.)<\/p><\/blockquote><p>...or something like this:<\/p><blockquote><p>The XYZ Doohickey Company was founded in 1971, and has been providing quality doohickeys to the public ever since. Located in Gotham City, XYZ employs over 2,000 people and does all kinds of awesome things for the Gotham community.<\/p><\/blockquote><p>As a new WordPress user, you should go to <a href=\"http:\/\/wp452m.a10-52-158-154.qa.plesk.ru\/wordpress\/wp-admin\/\">your dashboard<\/a> to delete this page and create new pages for your content. Have fun!<\/p>","_et_gb_content_width":"","footnotes":""},"yoast_head":"<!-- This site is optimized with the Yoast SEO plugin v20.2.1 - https:\/\/yoast.com\/wordpress\/plugins\/seo\/ -->\n<title>Fenster - Tischlerei Dell-Missier Amrum<\/title>\n<meta name=\"robots\" content=\"index, follow, max-snippet:-1, max-image-preview:large, max-video-preview:-1\" \/>\n<link rel=\"canonical\" href=\"https:\/\/tischlerei-dell-missier.de\/?page_id=223\" \/>\n<meta property=\"og:locale\" content=\"de_DE\" \/>\n<meta property=\"og:type\" content=\"article\" \/>\n<meta property=\"og:title\" content=\"Fenster - Tischlerei Dell-Missier Amrum\" \/>\n<meta property=\"og:description\" content=\"Fenster Ein wesentliches Segment unserer Angebotspalette bildet das Fenster. Vom stumpf einschlagenden oder \u00fcberf\u00e4lzten Zargenfenster, passend f\u00fcr das Reetgedeckte Haus, gefertigt aus hochwertigen Tropen- oder Europ\u00e4ischem Nadelholz, \u00fcber das Dreh \u2013 Kippfenster aus Holz oder Kunststoff, zum Fenster aus Aluminium oder dem Fenster aus Verbundmaterialien, liefern und montieren wir\u00a0eine gro\u00dfe Auswahl an Fenstertypen und Formen [&hellip;]\" \/>\n<meta property=\"og:url\" content=\"https:\/\/tischlerei-dell-missier.de\/?page_id=223\" \/>\n<meta property=\"og:site_name\" content=\"Tischlerei Dell-Missier Amrum\" \/>\n<meta property=\"article:modified_time\" content=\"2016-11-08T07:31:22+00:00\" \/>\n<meta name=\"twitter:card\" content=\"summary_large_image\" \/>\n<meta name=\"twitter:label1\" content=\"Gesch\u00e4tzte Lesezeit\" \/>\n\t<meta name=\"twitter:data1\" content=\"1 Minute\" \/>\n<script type=\"application\/ld+json\" class=\"yoast-schema-graph\">{\"@context\":\"https:\/\/schema.org\",\"@graph\":[{\"@type\":\"WebPage\",\"@id\":\"https:\/\/tischlerei-dell-missier.de\/?page_id=223\",\"url\":\"https:\/\/tischlerei-dell-missier.de\/?page_id=223\",\"name\":\"Fenster - Tischlerei Dell-Missier Amrum\",\"isPartOf\":{\"@id\":\"https:\/\/tischlerei-dell-missier.de\/#website\"},\"datePublished\":\"2016-10-23T09:15:42+00:00\",\"dateModified\":\"2016-11-08T07:31:22+00:00\",\"breadcrumb\":{\"@id\":\"https:\/\/tischlerei-dell-missier.de\/?page_id=223#breadcrumb\"},\"inLanguage\":\"de-DE\",\"potentialAction\":[{\"@type\":\"ReadAction\",\"target\":[\"https:\/\/tischlerei-dell-missier.de\/?page_id=223\"]}]},{\"@type\":\"BreadcrumbList\",\"@id\":\"https:\/\/tischlerei-dell-missier.de\/?page_id=223#breadcrumb\",\"itemListElement\":[{\"@type\":\"ListItem\",\"position\":1,\"name\":\"Startseite\",\"item\":\"https:\/\/tischlerei-dell-missier.de\/\"},{\"@type\":\"ListItem\",\"position\":2,\"name\":\"Fenster\"}]},{\"@type\":\"WebSite\",\"@id\":\"https:\/\/tischlerei-dell-missier.de\/#website\",\"url\":\"https:\/\/tischlerei-dell-missier.de\/\",\"name\":\"Tischlerei Dell-Missier Amrum\",\"description\":\"Tischlerei auf der Nordseeinsel Amrum\",\"potentialAction\":[{\"@type\":\"SearchAction\",\"target\":{\"@type\":\"EntryPoint\",\"urlTemplate\":\"https:\/\/tischlerei-dell-missier.de\/?s={search_term_string}\"},\"query-input\":\"required name=search_term_string\"}],\"inLanguage\":\"de-DE\"}]}<\/script>\n<!-- \/ Yoast SEO plugin. -->","yoast_head_json":{"title":"Fenster - Tischlerei Dell-Missier Amrum","robots":{"index":"index","follow":"follow","max-snippet":"max-snippet:-1","max-image-preview":"max-image-preview:large","max-video-preview":"max-video-preview:-1"},"canonical":"https:\/\/tischlerei-dell-missier.de\/?page_id=223","og_locale":"de_DE","og_type":"article","og_title":"Fenster - Tischlerei Dell-Missier Amrum","og_description":"Fenster Ein wesentliches Segment unserer Angebotspalette bildet das Fenster. Vom stumpf einschlagenden oder \u00fcberf\u00e4lzten Zargenfenster, passend f\u00fcr das Reetgedeckte Haus, gefertigt aus hochwertigen Tropen- oder Europ\u00e4ischem Nadelholz, \u00fcber das Dreh \u2013 Kippfenster aus Holz oder Kunststoff, zum Fenster aus Aluminium oder dem Fenster aus Verbundmaterialien, liefern und montieren wir\u00a0eine gro\u00dfe Auswahl an Fenstertypen und Formen [&hellip;]","og_url":"https:\/\/tischlerei-dell-missier.de\/?page_id=223","og_site_name":"Tischlerei Dell-Missier Amrum","article_modified_time":"2016-11-08T07:31:22+00:00","twitter_card":"summary_large_image","twitter_misc":{"Gesch\u00e4tzte Lesezeit":"1 Minute"},"schema":{"@context":"https:\/\/schema.org","@graph":[{"@type":"WebPage","@id":"https:\/\/tischlerei-dell-missier.de\/?page_id=223","url":"https:\/\/tischlerei-dell-missier.de\/?page_id=223","name":"Fenster - Tischlerei Dell-Missier Amrum","isPartOf":{"@id":"https:\/\/tischlerei-dell-missier.de\/#website"},"datePublished":"2016-10-23T09:15:42+00:00","dateModified":"2016-11-08T07:31:22+00:00","breadcrumb":{"@id":"https:\/\/tischlerei-dell-missier.de\/?page_id=223#breadcrumb"},"inLanguage":"de-DE","potentialAction":[{"@type":"ReadAction","target":["https:\/\/tischlerei-dell-missier.de\/?page_id=223"]}]},{"@type":"BreadcrumbList","@id":"https:\/\/tischlerei-dell-missier.de\/?page_id=223#breadcrumb","itemListElement":[{"@type":"ListItem","position":1,"name":"Startseite","item":"https:\/\/tischlerei-dell-missier.de\/"},{"@type":"ListItem","position":2,"name":"Fenster"}]},{"@type":"WebSite","@id":"https:\/\/tischlerei-dell-missier.de\/#website","url":"https:\/\/tischlerei-dell-missier.de\/","name":"Tischlerei Dell-Missier Amrum","description":"Tischlerei auf der Nordseeinsel Amrum","potentialAction":[{"@type":"SearchAction","target":{"@type":"EntryPoint","urlTemplate":"https:\/\/tischlerei-dell-missier.de\/?s={search_term_string}"},"query-input":"required name=search_term_string"}],"inLanguage":"de-DE"}]}},"_links":{"self":[{"href":"https:\/\/tischlerei-dell-missier.de\/index.php?rest_route=\/wp\/v2\/pages\/223"}],"collection":[{"href":"https:\/\/tischlerei-dell-missier.de\/index.php?rest_route=\/wp\/v2\/pages"}],"about":[{"href":"https:\/\/tischlerei-dell-missier.de\/index.php?rest_route=\/wp\/v2\/types\/page"}],"author":[{"embeddable":true,"href":"https:\/\/tischlerei-dell-missier.de\/index.php?rest_route=\/wp\/v2\/users\/1"}],"replies":[{"embeddable":true,"href":"https:\/\/tischlerei-dell-missier.de\/index.php?rest_route=%2Fwp%2Fv2%2Fcomments&post=223"}],"version-history":[{"count":5,"href":"https:\/\/tischlerei-dell-missier.de\/index.php?rest_route=\/wp\/v2\/pages\/223\/revisions"}],"predecessor-version":[{"id":361,"href":"https:\/\/tischlerei-dell-missier.de\/index.php?rest_route=\/wp\/v2\/pages\/223\/revisions\/361"}],"wp:attachment":[{"href":"https:\/\/tischlerei-dell-missier.de\/index.php?rest_route=%2Fwp%2Fv2%2Fmedia&parent=223"}],"curies":[{"name":"wp","href":"https:\/\/api.w.org\/{rel}","templated":true}]}}