{"id":182,"date":"2016-10-21T13:11:28","date_gmt":"2016-10-21T13:11:28","guid":{"rendered":"http:\/\/tischlerei-dell-missier.de\/?page_id=182"},"modified":"2020-05-11T13:29:52","modified_gmt":"2020-05-11T13:29:52","slug":"treppen","status":"publish","type":"page","link":"https:\/\/tischlerei-dell-missier.de\/?page_id=182","title":{"rendered":"Treppen"},"content":{"rendered":"<p>[et_pb_section transparent_background=&#8220;off&#8220; allow_player_pause=&#8220;off&#8220; inner_shadow=&#8220;off&#8220; parallax=&#8220;off&#8220; parallax_method=&#8220;on&#8220; padding_mobile=&#8220;off&#8220; make_fullwidth=&#8220;off&#8220; use_custom_width=&#8220;off&#8220; width_unit=&#8220;off&#8220; custom_width_px=&#8220;1080px&#8220; custom_width_percent=&#8220;80%&#8220; make_equal=&#8220;off&#8220; use_custom_gutter=&#8220;off&#8220; fullwidth=&#8220;on&#8220; specialty=&#8220;off&#8220; admin_label=&#8220;Sektion&#8220; disabled=&#8220;off&#8220;][et_pb_fullwidth_image src=&#8220;http:\/\/tischlerei-dell-missier.de\/wp-content\/uploads\/2016\/05\/logokomplett-2.jpg&#8220; show_in_lightbox=&#8220;off&#8220; url_new_window=&#8220;off&#8220; use_overlay=&#8220;off&#8220; animation=&#8220;fade_in&#8220; admin_label=&#8220;Volle Breite des Bildes&#8220; use_border_color=&#8220;off&#8220; border_color=&#8220;#ffffff&#8220; border_width=&#8220;1px&#8220; border_style=&#8220;solid&#8220; disabled=&#8220;off&#8220;] [\/et_pb_fullwidth_image][\/et_pb_section][et_pb_section transparent_background=&#8220;off&#8220; allow_player_pause=&#8220;off&#8220; inner_shadow=&#8220;off&#8220; parallax=&#8220;off&#8220; parallax_method=&#8220;on&#8220; padding_mobile=&#8220;off&#8220; make_fullwidth=&#8220;off&#8220; use_custom_width=&#8220;off&#8220; width_unit=&#8220;off&#8220; custom_width_px=&#8220;1080px&#8220; custom_width_percent=&#8220;80%&#8220; make_equal=&#8220;off&#8220; use_custom_gutter=&#8220;off&#8220; fullwidth=&#8220;off&#8220; specialty=&#8220;off&#8220; admin_label=&#8220;section&#8220; disabled=&#8220;off&#8220;][et_pb_row make_fullwidth=&#8220;off&#8220; use_custom_width=&#8220;off&#8220; width_unit=&#8220;off&#8220; custom_width_px=&#8220;1080px&#8220; custom_width_percent=&#8220;80%&#8220; use_custom_gutter=&#8220;off&#8220; gutter_width=&#8220;2&#8243; padding_mobile=&#8220;off&#8220; allow_player_pause=&#8220;off&#8220; parallax=&#8220;off&#8220; parallax_method=&#8220;on&#8220; make_equal=&#8220;off&#8220; column_padding_mobile=&#8220;on&#8220; parallax_1=&#8220;off&#8220; parallax_method_1=&#8220;on&#8220; parallax_2=&#8220;off&#8220; parallax_method_2=&#8220;on&#8220; parallax_3=&#8220;off&#8220; parallax_method_3=&#8220;on&#8220; parallax_4=&#8220;off&#8220; parallax_method_4=&#8220;on&#8220; admin_label=&#8220;row&#8220; disabled=&#8220;off&#8220;][et_pb_column type=&#8220;4_4&#8243; disabled=&#8220;off&#8220; parallax=&#8220;off&#8220; parallax_method=&#8220;on&#8220; column_padding_mobile=&#8220;on&#8220;][et_pb_text background_layout=&#8220;light&#8220; text_orientation=&#8220;left&#8220; admin_label=&#8220;Text&#8220; use_border_color=&#8220;off&#8220; border_style=&#8220;solid&#8220; disabled=&#8220;off&#8220;]<\/p>\n<h4><strong>Treppen<\/strong><\/h4>\n<p>Oftmals wird der Treppenbau als K\u00f6nigsklasse der Handwerkskunst gesehen. Wir haben aus gutem Grund eine Wendeltreppe im Logo unserer Tischlerei.<\/p>\n<p>Lange bevor wir uns selbstst\u00e4ndig machten hatte ich das Gl\u00fcck in einer Hamburger Tischlerei den Treppenbau vom h\u00e4ndischen Aufriss bis zum Richten der Treppe von der Pieke auf lernen und schwierigste Treppenform klassisch handwerklich bauen und aufzustellen, wovon ich nach wie vor bei der Planung und im Entwurf der Treppe profitiere. Heute werden wir Zeitgem\u00e4\u00df von der EDV und der CNC Technik unterst\u00fctzt und liefern Treppen nach Kundenwunsch.<\/p>\n<p>Neben der Individuellen Holztreppe verblenden wir Beispielsweise auch Ihre Betontreppe mit einer Holzwange nebst Gel\u00e4nder, Belegen Ihre Betontreppe mit Echtholzstufen oder lassen uns L\u00f6sungen f\u00fcr Ihr Problem von einem Gescho\u00df zum anderen zu kommen einfallen.<\/p>\n<p>[\/et_pb_text][\/et_pb_column][\/et_pb_row][\/et_pb_section][et_pb_section transparent_background=&#8220;off&#8220; allow_player_pause=&#8220;off&#8220; inner_shadow=&#8220;off&#8220; parallax=&#8220;off&#8220; parallax_method=&#8220;on&#8220; padding_mobile=&#8220;off&#8220; make_fullwidth=&#8220;off&#8220; use_custom_width=&#8220;off&#8220; width_unit=&#8220;off&#8220; custom_width_px=&#8220;1080px&#8220; custom_width_percent=&#8220;80%&#8220; make_equal=&#8220;off&#8220; use_custom_gutter=&#8220;off&#8220; fullwidth=&#8220;off&#8220; specialty=&#8220;off&#8220; admin_label=&#8220;Sektion&#8220; disabled=&#8220;off&#8220;][et_pb_row make_fullwidth=&#8220;off&#8220; use_custom_width=&#8220;off&#8220; width_unit=&#8220;off&#8220; custom_width_px=&#8220;1080px&#8220; custom_width_percent=&#8220;80%&#8220; use_custom_gutter=&#8220;off&#8220; gutter_width=&#8220;2&#8243; padding_mobile=&#8220;off&#8220; allow_player_pause=&#8220;off&#8220; parallax=&#8220;off&#8220; parallax_method=&#8220;on&#8220; make_equal=&#8220;off&#8220; column_padding_mobile=&#8220;on&#8220; parallax_1=&#8220;off&#8220; parallax_method_1=&#8220;on&#8220; parallax_2=&#8220;off&#8220; parallax_method_2=&#8220;on&#8220; parallax_3=&#8220;off&#8220; parallax_method_3=&#8220;on&#8220; parallax_4=&#8220;off&#8220; parallax_method_4=&#8220;on&#8220; admin_label=&#8220;Zeile&#8220; disabled=&#8220;off&#8220;][et_pb_column type=&#8220;4_4&#8243; disabled=&#8220;off&#8220; parallax=&#8220;off&#8220; parallax_method=&#8220;on&#8220; column_padding_mobile=&#8220;on&#8220;][et_pb_gallery gallery_ids=&#8220;261,260,262,263,264,265,266,267,348,349,268,269,270,316,333,334,335,259,437&#8243; fullwidth=&#8220;off&#8220; posts_number=&#8220;20&#8243; show_title_and_caption=&#8220;off&#8220; show_pagination=&#8220;off&#8220; background_layout=&#8220;light&#8220; auto=&#8220;off&#8220; auto_speed=&#8220;7000&#8243; admin_label=&#8220;Galerie&#8220; caption_all_caps=&#8220;off&#8220; use_border_color=&#8220;off&#8220; border_color=&#8220;#ffffff&#8220; border_width=&#8220;1px&#8220; border_style=&#8220;solid&#8220; disabled=&#8220;off&#8220;] [\/et_pb_gallery][\/et_pb_column][\/et_pb_row][\/et_pb_section]<\/p>\n","protected":false},"excerpt":{"rendered":"<p>Treppen Oftmals wird der Treppenbau als K\u00f6nigsklasse der Handwerkskunst gesehen. Wir haben aus gutem Grund eine Wendeltreppe im Logo unserer Tischlerei. Lange bevor wir uns selbstst\u00e4ndig machten hatte ich das Gl\u00fcck in einer Hamburger Tischlerei den Treppenbau vom h\u00e4ndischen Aufriss bis zum Richten der Treppe von der Pieke auf lernen und schwierigste Treppenform klassisch handwerklich [&hellip;]<\/p>\n","protected":false},"author":1,"featured_media":0,"parent":0,"menu_order":0,"comment_status":"closed","ping_status":"open","template":"","meta":{"_et_pb_use_builder":"on","_et_pb_old_content":"<p>This is an example page. It's different from a blog post because it will stay in one place and will show up in your site navigation (in most themes). Most people start with an About page that introduces them to potential site visitors. It might say something like this:<\/p><blockquote><p>Hi there! I'm a bike messenger by day, aspiring actor by night, and this is my website. I live in Los Angeles, have a great dog named Jack, and I like pi\u00f1a coladas. (And gettin' caught in the rain.)<\/p><\/blockquote><p>...or something like this:<\/p><blockquote><p>The XYZ Doohickey Company was founded in 1971, and has been providing quality doohickeys to the public ever since. Located in Gotham City, XYZ employs over 2,000 people and does all kinds of awesome things for the Gotham community.<\/p><\/blockquote><p>As a new WordPress user, you should go to <a href=\"http:\/\/wp452m.a10-52-158-154.qa.plesk.ru\/wordpress\/wp-admin\/\">your dashboard<\/a> to delete this page and create new pages for your content. Have fun!<\/p>","_et_gb_content_width":"","footnotes":""},"yoast_head":"<!-- This site is optimized with the Yoast SEO plugin v20.2.1 - https:\/\/yoast.com\/wordpress\/plugins\/seo\/ -->\n<title>Treppen - Tischlerei Dell-Missier Amrum<\/title>\n<meta name=\"robots\" content=\"index, follow, max-snippet:-1, max-image-preview:large, max-video-preview:-1\" \/>\n<link rel=\"canonical\" href=\"https:\/\/tischlerei-dell-missier.de\/?page_id=182\" \/>\n<meta property=\"og:locale\" content=\"de_DE\" \/>\n<meta property=\"og:type\" content=\"article\" \/>\n<meta property=\"og:title\" content=\"Treppen - Tischlerei Dell-Missier Amrum\" \/>\n<meta property=\"og:description\" content=\"Treppen Oftmals wird der Treppenbau als K\u00f6nigsklasse der Handwerkskunst gesehen. Wir haben aus gutem Grund eine Wendeltreppe im Logo unserer Tischlerei. Lange bevor wir uns selbstst\u00e4ndig machten hatte ich das Gl\u00fcck in einer Hamburger Tischlerei den Treppenbau vom h\u00e4ndischen Aufriss bis zum Richten der Treppe von der Pieke auf lernen und schwierigste Treppenform klassisch handwerklich [&hellip;]\" \/>\n<meta property=\"og:url\" content=\"https:\/\/tischlerei-dell-missier.de\/?page_id=182\" \/>\n<meta property=\"og:site_name\" content=\"Tischlerei Dell-Missier Amrum\" \/>\n<meta property=\"article:modified_time\" content=\"2020-05-11T13:29:52+00:00\" \/>\n<meta name=\"twitter:card\" content=\"summary_large_image\" \/>\n<meta name=\"twitter:label1\" content=\"Gesch\u00e4tzte Lesezeit\" \/>\n\t<meta name=\"twitter:data1\" content=\"3 Minuten\" \/>\n<script type=\"application\/ld+json\" class=\"yoast-schema-graph\">{\"@context\":\"https:\/\/schema.org\",\"@graph\":[{\"@type\":\"WebPage\",\"@id\":\"https:\/\/tischlerei-dell-missier.de\/?page_id=182\",\"url\":\"https:\/\/tischlerei-dell-missier.de\/?page_id=182\",\"name\":\"Treppen - Tischlerei Dell-Missier Amrum\",\"isPartOf\":{\"@id\":\"https:\/\/tischlerei-dell-missier.de\/#website\"},\"datePublished\":\"2016-10-21T13:11:28+00:00\",\"dateModified\":\"2020-05-11T13:29:52+00:00\",\"breadcrumb\":{\"@id\":\"https:\/\/tischlerei-dell-missier.de\/?page_id=182#breadcrumb\"},\"inLanguage\":\"de-DE\",\"potentialAction\":[{\"@type\":\"ReadAction\",\"target\":[\"https:\/\/tischlerei-dell-missier.de\/?page_id=182\"]}]},{\"@type\":\"BreadcrumbList\",\"@id\":\"https:\/\/tischlerei-dell-missier.de\/?page_id=182#breadcrumb\",\"itemListElement\":[{\"@type\":\"ListItem\",\"position\":1,\"name\":\"Startseite\",\"item\":\"https:\/\/tischlerei-dell-missier.de\/\"},{\"@type\":\"ListItem\",\"position\":2,\"name\":\"Treppen\"}]},{\"@type\":\"WebSite\",\"@id\":\"https:\/\/tischlerei-dell-missier.de\/#website\",\"url\":\"https:\/\/tischlerei-dell-missier.de\/\",\"name\":\"Tischlerei Dell-Missier Amrum\",\"description\":\"Tischlerei auf der Nordseeinsel Amrum\",\"potentialAction\":[{\"@type\":\"SearchAction\",\"target\":{\"@type\":\"EntryPoint\",\"urlTemplate\":\"https:\/\/tischlerei-dell-missier.de\/?s={search_term_string}\"},\"query-input\":\"required name=search_term_string\"}],\"inLanguage\":\"de-DE\"}]}<\/script>\n<!-- \/ Yoast SEO plugin. -->","yoast_head_json":{"title":"Treppen - Tischlerei Dell-Missier Amrum","robots":{"index":"index","follow":"follow","max-snippet":"max-snippet:-1","max-image-preview":"max-image-preview:large","max-video-preview":"max-video-preview:-1"},"canonical":"https:\/\/tischlerei-dell-missier.de\/?page_id=182","og_locale":"de_DE","og_type":"article","og_title":"Treppen - Tischlerei Dell-Missier Amrum","og_description":"Treppen Oftmals wird der Treppenbau als K\u00f6nigsklasse der Handwerkskunst gesehen. Wir haben aus gutem Grund eine Wendeltreppe im Logo unserer Tischlerei. Lange bevor wir uns selbstst\u00e4ndig machten hatte ich das Gl\u00fcck in einer Hamburger Tischlerei den Treppenbau vom h\u00e4ndischen Aufriss bis zum Richten der Treppe von der Pieke auf lernen und schwierigste Treppenform klassisch handwerklich [&hellip;]","og_url":"https:\/\/tischlerei-dell-missier.de\/?page_id=182","og_site_name":"Tischlerei Dell-Missier Amrum","article_modified_time":"2020-05-11T13:29:52+00:00","twitter_card":"summary_large_image","twitter_misc":{"Gesch\u00e4tzte Lesezeit":"3 Minuten"},"schema":{"@context":"https:\/\/schema.org","@graph":[{"@type":"WebPage","@id":"https:\/\/tischlerei-dell-missier.de\/?page_id=182","url":"https:\/\/tischlerei-dell-missier.de\/?page_id=182","name":"Treppen - Tischlerei Dell-Missier Amrum","isPartOf":{"@id":"https:\/\/tischlerei-dell-missier.de\/#website"},"datePublished":"2016-10-21T13:11:28+00:00","dateModified":"2020-05-11T13:29:52+00:00","breadcrumb":{"@id":"https:\/\/tischlerei-dell-missier.de\/?page_id=182#breadcrumb"},"inLanguage":"de-DE","potentialAction":[{"@type":"ReadAction","target":["https:\/\/tischlerei-dell-missier.de\/?page_id=182"]}]},{"@type":"BreadcrumbList","@id":"https:\/\/tischlerei-dell-missier.de\/?page_id=182#breadcrumb","itemListElement":[{"@type":"ListItem","position":1,"name":"Startseite","item":"https:\/\/tischlerei-dell-missier.de\/"},{"@type":"ListItem","position":2,"name":"Treppen"}]},{"@type":"WebSite","@id":"https:\/\/tischlerei-dell-missier.de\/#website","url":"https:\/\/tischlerei-dell-missier.de\/","name":"Tischlerei Dell-Missier Amrum","description":"Tischlerei auf der Nordseeinsel Amrum","potentialAction":[{"@type":"SearchAction","target":{"@type":"EntryPoint","urlTemplate":"https:\/\/tischlerei-dell-missier.de\/?s={search_term_string}"},"query-input":"required name=search_term_string"}],"inLanguage":"de-DE"}]}},"_links":{"self":[{"href":"https:\/\/tischlerei-dell-missier.de\/index.php?rest_route=\/wp\/v2\/pages\/182"}],"collection":[{"href":"https:\/\/tischlerei-dell-missier.de\/index.php?rest_route=\/wp\/v2\/pages"}],"about":[{"href":"https:\/\/tischlerei-dell-missier.de\/index.php?rest_route=\/wp\/v2\/types\/page"}],"author":[{"embeddable":true,"href":"https:\/\/tischlerei-dell-missier.de\/index.php?rest_route=\/wp\/v2\/users\/1"}],"replies":[{"embeddable":true,"href":"https:\/\/tischlerei-dell-missier.de\/index.php?rest_route=%2Fwp%2Fv2%2Fcomments&post=182"}],"version-history":[{"count":8,"href":"https:\/\/tischlerei-dell-missier.de\/index.php?rest_route=\/wp\/v2\/pages\/182\/revisions"}],"predecessor-version":[{"id":438,"href":"https:\/\/tischlerei-dell-missier.de\/index.php?rest_route=\/wp\/v2\/pages\/182\/revisions\/438"}],"wp:attachment":[{"href":"https:\/\/tischlerei-dell-missier.de\/index.php?rest_route=%2Fwp%2Fv2%2Fmedia&parent=182"}],"curies":[{"name":"wp","href":"https:\/\/api.w.org\/{rel}","templated":true}]}}