{"id":177,"date":"2016-10-21T09:09:14","date_gmt":"2016-10-21T09:09:14","guid":{"rendered":"http:\/\/tischlerei-dell-missier.de\/?page_id=177"},"modified":"2019-01-29T17:09:46","modified_gmt":"2019-01-29T17:09:46","slug":"kundenstimmen","status":"publish","type":"page","link":"https:\/\/tischlerei-dell-missier.de\/?page_id=177","title":{"rendered":"Kundenstimmen"},"content":{"rendered":"<p>[et_pb_section admin_label=&#8220;Sektion&#8220; fullwidth=&#8220;on&#8220; specialty=&#8220;off&#8220;][et_pb_fullwidth_image admin_label=&#8220;Volle Breite des Bildes&#8220; src=&#8220;http:\/\/tischlerei-dell-missier.de\/wp-content\/uploads\/2016\/05\/logokomplett-2.jpg&#8220; show_in_lightbox=&#8220;off&#8220; url_new_window=&#8220;off&#8220; use_overlay=&#8220;off&#8220; animation=&#8220;fade_in&#8220; use_border_color=&#8220;off&#8220; border_color=&#8220;#ffffff&#8220; border_style=&#8220;solid&#8220;] [\/et_pb_fullwidth_image][\/et_pb_section][et_pb_section admin_label=&#8220;section&#8220;][et_pb_row admin_label=&#8220;row&#8220;][et_pb_column type=&#8220;4_4&#8243;][et_pb_text admin_label=&#8220;Text&#8220; background_layout=&#8220;light&#8220; text_orientation=&#8220;left&#8220; use_border_color=&#8220;off&#8220; border_color=&#8220;#ffffff&#8220; border_style=&#8220;solid&#8220;]<\/p>\n<h4><strong>An dieser Stelle m\u00f6chte ich einige meiner Kunden zu Wort kommen lassen&#8230;<\/strong><\/h4>\n<hr \/>\n<p><em>Welche Fenster sollen wir nehmen? Holz oder Kunststoff? Wie sollen die aussehen? Welche Innent\u00fcren sind die richtigen? Und welche Haust\u00fcr passt zum Sk\u00fcl? Bei all diesen Fragen hat uns die Tischlerei Dell-Missier bestens beraten. Sie hat den Bau von Anfang bis Ende begleitet und war dabei stets hilfsbereit, flexibel und zuverl\u00e4ssig. (Wer jemals gebaut hat, wei\u00df, wie wichtig das ist.) Wenn wir unterschiedliche Vorstellungen hatten, haben wir diskutiert &#8211; und uns in der Regel von Dell-Missiers Erfahrung \u00fcberzeugen lassen. Das war gut so und hat sich ausgezahlt. Als das Haus fertig war, haben wir uns schlie\u00dflich noch einige M\u00f6bel tischlern lassen. Auch die sind sehr sch\u00f6n geworden. Gut, dass es diese Tischlerei auf der Insel gibt!<br \/>\nFamilie Spender<\/em><\/p>\n<hr \/>\n<p>Lieber Herr Dell-Missier,<br \/>\nIhnen und Ihrem Team sagen wir ein herzliches Dankesch\u00f6n f\u00fcr die fachkompetente Beratung und Ausf\u00fchrung der Tischlerarbeiten im Rahmen des Umbaus unserer Wohnung auf Amrum. Uns hat die Zusammenarbeit mit Ihnen viel Freude bereitet.<br \/>\nSie haben s\u00e4mtliche Fenster erneuert, Fensterb\u00e4nke eingebaut, Zimmert\u00fcren und die Wohnungseingangst\u00fcr ausgetauscht sowie ein gro\u00dfartiges Schiebet\u00fcrenelement entworfen und gebaut. Unser ganz pers\u00f6nliches Lieblingsobjekt ist die Wendeltreppe, die in den oberen Bereich f\u00fchrt. Die Treppe ist von Profihand eingebaut und f\u00fcgt sich sehr sch\u00f6n in den Wohnbereich ein. Eine Herausforderung &#8211; klug gel\u00f6st. Der wenige Platz, der in der Wohnung daf\u00fcr zur Verf\u00fcgung stand, wurde optimal genutzt.<br \/>\nLieber Herr Dell-Missier, wir haben Sie als kompetenten, vertrauensvollen Gesch\u00e4ftspartner kennen- und sch\u00e4tzen gelernt, der auf unsere W\u00fcnsche stets flexibel eingegangen ist; daf\u00fcr sind wir sehr dankbar.<\/p>\n<p>Mit \u00a0herzlichen Gr\u00fc\u00dfen<br \/>\nIhre Familie Pleuger<\/p>\n<hr \/>\n<p><em>Wenn jemand eine Reise tut, so kann er was erz\u00e4hlen\u2026.. (Matthias Claudius 1740-1815)<\/em><\/p>\n<p><em><strong>Ein Haus auf Amrum!<\/strong> Es war ein Gedanke, dann ein Wunsch und es wurde ein Projekt! Doch wie kann man sich dem n\u00e4hern und es umsetzen, insbesondere wenn man w\u00e4hrend des Baus selber gar nicht vor Ort auf der Insel Amrum ist?<\/em><\/p>\n<p><em>Wir wollen hier nicht erz\u00e4hlen, welche Schnittstellen es bei einem Hausbau gibt, sondern vielmehr was uns w\u00e4hrend dieses Projektes geholfen hat, es erfolgreich umzusetzen. Und an dieser Stelle schon einmal vielen Dank an die Tischlerei Dell Missier, denn schon bald zeichnete sich ab, da\u00df das \u00e4u\u00dfere und innere Gesicht &#8211; und damit der Charakter &#8211; eines Hauses au\u00dfer vom Klinker und dem Reetdach entscheidend von den Tischlerarbeiten abh\u00e4ngt: Hauseingangs-, Wohnungs-, Terrassen- und Garagent\u00fcren, Grundst\u00fcckstor, Fenster (jeweils mit Beschl\u00e4gen und Schl\u00f6ssern), Treppen, Bodenbel\u00e4ge, Deckenbalken und -verkleidungen, Einbauschr\u00e4nke, Kommoden, Wohnzimmer- und Fernsehschrank, Regale, Betten, Nachttische und Bettablagen, Wandverkleidungen, Garderobe, Fenster- und Heizungsverkleidungen, Fensterbretter und Fu\u00dfleisten, aber auch Verkleidungen f\u00fcr Technik. Und dann noch schmiedeeiserne T\u00fcrstopper und -feststeller f\u00fcr nach au\u00dfen \u00f6ffnende Terrassent\u00fcren, Sicherheits-B\u00fcgel f\u00fcr die nach au\u00dfen \u00f6ffnenden Fenster, individuelle Fliegenfenster oder Veredelungen von K\u00fcchenelementen. Zudem pfiffige Ideen zum Versch\u00f6nern von Nebenraumzug\u00e4ngen, Nischen und Aufg\u00e4ngen oder sogar gemeinsame Neu- und Weiterentwicklungen, wie z.B. die \u201eGaube\u201c innerhalb des Hauses, die Licht und Atmosph\u00e4re in den Spitzboden bringt.<\/em><\/p>\n<p><em>Doch wie kommt man von den Pl\u00e4nen zur Realisierung? Das erste war die Vermittlung des jeweiligen Gewerkes durch den Architekten: eine gute Wahl. Doch auf wen trifft man? Wird derjenige den eigenen Geschmack treffen? Und wie ist eigentlich der eigene Geschmack, wenn man selber nicht sattelfest ist in der inseltypischen, friesischen Baukunst unter modernen Gesichtspunkten?<\/em><\/p>\n<p><em>Was gibt es da nicht an Alternativen? Vonwegen \u201eFenster ist Fenster\u201c: Rahmenbreite, Proportionierung und Unterteilung, Aufh\u00e4ngung, Feststellm\u00f6glichkeiten, Verriegelbarkeit, Beschl\u00e4ge, Materialien und Farbe, Art des Anschlags und der \u00d6ffnung mit oder ohne Innenverkleidung mit oder ohne Stichbogen am Rahmen. Da gibt\u00b4s nur eines und das ist \u201eKurs halten\u201c und zuh\u00f6ren! Gemeinsam mit Bernd Dell Missier ging es dann zur Besichtigungstour. Und das ist der entscheidende Punkt: man mu\u00df exemplarisch sehen, was konzeptionell m\u00f6glich ist. Verst\u00e4ndnis ist schnell da, Begeisterung braucht aber mehr.<\/em><\/p>\n<p><em>Am Ende bleibt immer &#8211; und bei jedem Hausbau verst\u00e4ndlich &#8211; , da\u00df aufgrund der vielen Schnittstellen etwas auszubessern, nachzustellen oder zu korrigieren ist. Und genau an dieser Stelle zeigt sich, welches Gewerk f\u00fcr nachhaltige Entspannung und damit Zufriedenheit bei Bauherren sorgt: n\u00e4mlich dasjenige, das Verantwortung lebt und auch dann noch erreichbar ist, zuh\u00f6rt und gerne kommt, wenn es um die \u201eKleinigkeiten\u201c geht. Dies ist von der Tischlerei Dell Missier musterg\u00fcltig erfolgt. Damit erhalten die Projektphasen \u201ePlanen, Aussuchen, Entscheiden, Umsetzen und Einbauen sowie Nachsorge\u201c: VOLLE PUNKTZAHL!<\/em><\/p>\n<p><em>Und am Ende bleibt uns: ein herzlicher Dank an Bernd Dell Missier, der uns mit seinem Team immer ein inspirierender und verl\u00e4\u00dflicher Partner war und ist und der uns einf\u00fchlsam und stilsicher geholfen hat, das Projekt \u201eein Haus auf Amrum\u201c f\u00fcr alles in und um die Tischlerarbeiten zu einem nun gelebten und genossenem erfreulichen Traum werden zu lassen, von Familie Gellrich!<\/em><\/p>\n<hr \/>\n<p><em>Von Januar 2014 bis September 2014 haben wir einen Neubau als Anbau an ein 90 Jahre altes Pensionshaus errichtet und danach bis August 2015 den Altbau kernsaniert. In beiden Projekten hat die Firma DellMissier die kompletten Tischlerarbeiten(Fenster,T\u00fcren,Einbaum\u00f6bel,Treppen) in sehr kompetenter und flexibler Art ausgef\u00fchrt.<\/em><\/p>\n<p><em>Moderne Einzell\u00f6sungen wie Schiebet\u00fcren,Fensterb\u00e4nke als Schreibtische und individuelle Treppen ins Dachgescho\u00df wurden wundersch\u00f6n und z\u00fcgig eingebaut und der konventionelle Fenstereinbau klappte auch reibungslos.<\/em><\/p>\n<p><em>In den Planungsgespr\u00e4chen f\u00fchlten wir uns von Anfang an sehr gut beraten und unser Vertrauen blieb bestehen.<\/em><\/p>\n<p><em>In der Altbausanierung haben \u201c\u00dcberraschungen\u201d den Zeitplan einige Male strapaziert, aber die Firma DellMissier hat bewundernswerte Anstrengungen unternommen, alles termingerecht fertigzustellen. Au\u00dferdem waren die Mitarbeiter bereit, w\u00e4hrend der Montage kleinere Verbesserungsvorschl\u00e4ge umzusetzen und auch aktiv anzubieten.<\/em><\/p>\n<p><em>Sibylle und Andreas Franz, Christine Schuldt\u00a0\u00a0 Norddorf<\/em><\/p>\n<hr \/>\n<p><em>&#8222;Die Tischlerei Dell-Missier hat uns beim Umbau unseres Haus in Nebel in 2016 begleitet. Angenehme und stets zuverl\u00e4ssige Zusammenarbeit und das Ergebnis ist sehr, sehr sch\u00f6n! Jederzeit wieder!<\/em><\/p>\n<p><em>(Familie Nissen aus Berlin)<\/em><\/p>\n<hr \/>\n<p><em>Herr Dell-Missier und seine immer freundlichen und hilfsbereiten Mitarbeiter waren 2014 beim Bau unseres Hauses in Nebel verantwortlich f\u00fcr den Innenausbau.Die Zusammenarbeit und die terminliche Zuverl\u00e4ssigkeit waren vorbildlich, das Ergebnis gro\u00dfartig.<\/em><\/p>\n<p><em>Erw\u00e4hnenswert und sehr besonders ist jedoch auch die tolle &#8220; Nachbetreuung \u201c. Jede notwendige Reparatur wird schnellstens aufgenommen und erledigt.<\/em><\/p>\n<p><em>Vielen Dank sagen Angelika und Henno Hensen aus dem Sanghughwai 12b<\/em><\/p>\n<p>[\/et_pb_text][\/et_pb_column][\/et_pb_row][\/et_pb_section]<\/p>\n","protected":false},"excerpt":{"rendered":"<p>An dieser Stelle m\u00f6chte ich einige meiner Kunden zu Wort kommen lassen&#8230; Welche Fenster sollen wir nehmen? Holz oder Kunststoff? Wie sollen die aussehen? Welche Innent\u00fcren sind die richtigen? Und welche Haust\u00fcr passt zum Sk\u00fcl? Bei all diesen Fragen hat uns die Tischlerei Dell-Missier bestens beraten. Sie hat den Bau von Anfang bis Ende begleitet [&hellip;]<\/p>\n","protected":false},"author":1,"featured_media":0,"parent":0,"menu_order":0,"comment_status":"closed","ping_status":"open","template":"","meta":{"_et_pb_use_builder":"on","_et_pb_old_content":"<p>This is an example page. It's different from a blog post because it will stay in one place and will show up in your site navigation (in most themes). Most people start with an About page that introduces them to potential site visitors. It might say something like this:<\/p><blockquote><p>Hi there! I'm a bike messenger by day, aspiring actor by night, and this is my website. I live in Los Angeles, have a great dog named Jack, and I like pi\u00f1a coladas. (And gettin' caught in the rain.)<\/p><\/blockquote><p>...or something like this:<\/p><blockquote><p>The XYZ Doohickey Company was founded in 1971, and has been providing quality doohickeys to the public ever since. Located in Gotham City, XYZ employs over 2,000 people and does all kinds of awesome things for the Gotham community.<\/p><\/blockquote><p>As a new WordPress user, you should go to <a href=\"http:\/\/wp452m.a10-52-158-154.qa.plesk.ru\/wordpress\/wp-admin\/\">your dashboard<\/a> to delete this page and create new pages for your content. Have fun!<\/p>","_et_gb_content_width":"","footnotes":""},"yoast_head":"<!-- This site is optimized with the Yoast SEO plugin v20.2.1 - https:\/\/yoast.com\/wordpress\/plugins\/seo\/ -->\n<title>Kundenstimmen - Tischlerei Dell-Missier Amrum<\/title>\n<meta name=\"robots\" content=\"index, follow, max-snippet:-1, max-image-preview:large, max-video-preview:-1\" \/>\n<link rel=\"canonical\" href=\"https:\/\/tischlerei-dell-missier.de\/?page_id=177\" \/>\n<meta property=\"og:locale\" content=\"de_DE\" \/>\n<meta property=\"og:type\" content=\"article\" \/>\n<meta property=\"og:title\" content=\"Kundenstimmen - Tischlerei Dell-Missier Amrum\" \/>\n<meta property=\"og:description\" content=\"An dieser Stelle m\u00f6chte ich einige meiner Kunden zu Wort kommen lassen... Welche Fenster sollen wir nehmen? Holz oder Kunststoff? Wie sollen die aussehen? Welche Innent\u00fcren sind die richtigen? Und welche Haust\u00fcr passt zum Sk\u00fcl? Bei all diesen Fragen hat uns die Tischlerei Dell-Missier bestens beraten. Sie hat den Bau von Anfang bis Ende begleitet [&hellip;]\" \/>\n<meta property=\"og:url\" content=\"https:\/\/tischlerei-dell-missier.de\/?page_id=177\" \/>\n<meta property=\"og:site_name\" content=\"Tischlerei Dell-Missier Amrum\" \/>\n<meta property=\"article:modified_time\" content=\"2019-01-29T17:09:46+00:00\" \/>\n<meta name=\"twitter:card\" content=\"summary_large_image\" \/>\n<meta name=\"twitter:label1\" content=\"Gesch\u00e4tzte Lesezeit\" \/>\n\t<meta name=\"twitter:data1\" content=\"6 Minuten\" \/>\n<script type=\"application\/ld+json\" class=\"yoast-schema-graph\">{\"@context\":\"https:\/\/schema.org\",\"@graph\":[{\"@type\":\"WebPage\",\"@id\":\"https:\/\/tischlerei-dell-missier.de\/?page_id=177\",\"url\":\"https:\/\/tischlerei-dell-missier.de\/?page_id=177\",\"name\":\"Kundenstimmen - Tischlerei Dell-Missier Amrum\",\"isPartOf\":{\"@id\":\"https:\/\/tischlerei-dell-missier.de\/#website\"},\"datePublished\":\"2016-10-21T09:09:14+00:00\",\"dateModified\":\"2019-01-29T17:09:46+00:00\",\"breadcrumb\":{\"@id\":\"https:\/\/tischlerei-dell-missier.de\/?page_id=177#breadcrumb\"},\"inLanguage\":\"de-DE\",\"potentialAction\":[{\"@type\":\"ReadAction\",\"target\":[\"https:\/\/tischlerei-dell-missier.de\/?page_id=177\"]}]},{\"@type\":\"BreadcrumbList\",\"@id\":\"https:\/\/tischlerei-dell-missier.de\/?page_id=177#breadcrumb\",\"itemListElement\":[{\"@type\":\"ListItem\",\"position\":1,\"name\":\"Startseite\",\"item\":\"https:\/\/tischlerei-dell-missier.de\/\"},{\"@type\":\"ListItem\",\"position\":2,\"name\":\"Kundenstimmen\"}]},{\"@type\":\"WebSite\",\"@id\":\"https:\/\/tischlerei-dell-missier.de\/#website\",\"url\":\"https:\/\/tischlerei-dell-missier.de\/\",\"name\":\"Tischlerei Dell-Missier Amrum\",\"description\":\"Tischlerei auf der Nordseeinsel Amrum\",\"potentialAction\":[{\"@type\":\"SearchAction\",\"target\":{\"@type\":\"EntryPoint\",\"urlTemplate\":\"https:\/\/tischlerei-dell-missier.de\/?s={search_term_string}\"},\"query-input\":\"required name=search_term_string\"}],\"inLanguage\":\"de-DE\"}]}<\/script>\n<!-- \/ Yoast SEO plugin. -->","yoast_head_json":{"title":"Kundenstimmen - Tischlerei Dell-Missier Amrum","robots":{"index":"index","follow":"follow","max-snippet":"max-snippet:-1","max-image-preview":"max-image-preview:large","max-video-preview":"max-video-preview:-1"},"canonical":"https:\/\/tischlerei-dell-missier.de\/?page_id=177","og_locale":"de_DE","og_type":"article","og_title":"Kundenstimmen - Tischlerei Dell-Missier Amrum","og_description":"An dieser Stelle m\u00f6chte ich einige meiner Kunden zu Wort kommen lassen... Welche Fenster sollen wir nehmen? Holz oder Kunststoff? Wie sollen die aussehen? Welche Innent\u00fcren sind die richtigen? Und welche Haust\u00fcr passt zum Sk\u00fcl? Bei all diesen Fragen hat uns die Tischlerei Dell-Missier bestens beraten. Sie hat den Bau von Anfang bis Ende begleitet [&hellip;]","og_url":"https:\/\/tischlerei-dell-missier.de\/?page_id=177","og_site_name":"Tischlerei Dell-Missier Amrum","article_modified_time":"2019-01-29T17:09:46+00:00","twitter_card":"summary_large_image","twitter_misc":{"Gesch\u00e4tzte Lesezeit":"6 Minuten"},"schema":{"@context":"https:\/\/schema.org","@graph":[{"@type":"WebPage","@id":"https:\/\/tischlerei-dell-missier.de\/?page_id=177","url":"https:\/\/tischlerei-dell-missier.de\/?page_id=177","name":"Kundenstimmen - Tischlerei Dell-Missier Amrum","isPartOf":{"@id":"https:\/\/tischlerei-dell-missier.de\/#website"},"datePublished":"2016-10-21T09:09:14+00:00","dateModified":"2019-01-29T17:09:46+00:00","breadcrumb":{"@id":"https:\/\/tischlerei-dell-missier.de\/?page_id=177#breadcrumb"},"inLanguage":"de-DE","potentialAction":[{"@type":"ReadAction","target":["https:\/\/tischlerei-dell-missier.de\/?page_id=177"]}]},{"@type":"BreadcrumbList","@id":"https:\/\/tischlerei-dell-missier.de\/?page_id=177#breadcrumb","itemListElement":[{"@type":"ListItem","position":1,"name":"Startseite","item":"https:\/\/tischlerei-dell-missier.de\/"},{"@type":"ListItem","position":2,"name":"Kundenstimmen"}]},{"@type":"WebSite","@id":"https:\/\/tischlerei-dell-missier.de\/#website","url":"https:\/\/tischlerei-dell-missier.de\/","name":"Tischlerei Dell-Missier Amrum","description":"Tischlerei auf der Nordseeinsel Amrum","potentialAction":[{"@type":"SearchAction","target":{"@type":"EntryPoint","urlTemplate":"https:\/\/tischlerei-dell-missier.de\/?s={search_term_string}"},"query-input":"required name=search_term_string"}],"inLanguage":"de-DE"}]}},"_links":{"self":[{"href":"https:\/\/tischlerei-dell-missier.de\/index.php?rest_route=\/wp\/v2\/pages\/177"}],"collection":[{"href":"https:\/\/tischlerei-dell-missier.de\/index.php?rest_route=\/wp\/v2\/pages"}],"about":[{"href":"https:\/\/tischlerei-dell-missier.de\/index.php?rest_route=\/wp\/v2\/types\/page"}],"author":[{"embeddable":true,"href":"https:\/\/tischlerei-dell-missier.de\/index.php?rest_route=\/wp\/v2\/users\/1"}],"replies":[{"embeddable":true,"href":"https:\/\/tischlerei-dell-missier.de\/index.php?rest_route=%2Fwp%2Fv2%2Fcomments&post=177"}],"version-history":[{"count":8,"href":"https:\/\/tischlerei-dell-missier.de\/index.php?rest_route=\/wp\/v2\/pages\/177\/revisions"}],"predecessor-version":[{"id":414,"href":"https:\/\/tischlerei-dell-missier.de\/index.php?rest_route=\/wp\/v2\/pages\/177\/revisions\/414"}],"wp:attachment":[{"href":"https:\/\/tischlerei-dell-missier.de\/index.php?rest_route=%2Fwp%2Fv2%2Fmedia&parent=177"}],"curies":[{"name":"wp","href":"https:\/\/api.w.org\/{rel}","templated":true}]}}