{"id":170,"date":"2016-10-21T08:58:58","date_gmt":"2016-10-21T08:58:58","guid":{"rendered":"http:\/\/tischlerei-dell-missier.de\/?page_id=170"},"modified":"2024-03-24T10:14:43","modified_gmt":"2024-03-24T10:14:43","slug":"unser-team","status":"publish","type":"page","link":"https:\/\/tischlerei-dell-missier.de\/?page_id=170","title":{"rendered":"Unser Team"},"content":{"rendered":"<p>[et_pb_section fb_built=&#8220;1&#8243; fullwidth=&#8220;on&#8220; admin_label=&#8220;Sektion&#8220; _builder_version=&#8220;4.16&#8243; global_colors_info=&#8220;{}&#8220;][et_pb_fullwidth_image src=&#8220;http:\/\/tischlerei-dell-missier.de\/wp-content\/uploads\/2016\/05\/logokomplett-2.jpg&#8220; admin_label=&#8220;Volle Breite des Bildes&#8220; _builder_version=&#8220;4.16&#8243; animation_style=&#8220;fade&#8220; animation_duration=&#8220;500ms&#8220; animation=&#8220;fade_in&#8220; use_border_color=&#8220;off&#8220; border_color=&#8220;#ffffff&#8220; border_style=&#8220;solid&#8220; global_colors_info=&#8220;{}&#8220;] [\/et_pb_fullwidth_image][\/et_pb_section][et_pb_section fb_built=&#8220;1&#8243; admin_label=&#8220;section&#8220; _builder_version=&#8220;4.16&#8243; global_colors_info=&#8220;{}&#8220;][et_pb_row admin_label=&#8220;row&#8220; _builder_version=&#8220;4.16&#8243; background_size=&#8220;initial&#8220; background_position=&#8220;top_left&#8220; background_repeat=&#8220;repeat&#8220; global_colors_info=&#8220;{}&#8220; column_structure=&#8220;1_4,3_4&#8243;][et_pb_column type=&#8220;1_4&#8243; _builder_version=&#8220;4.16&#8243; custom_padding=&#8220;|||&#8220; global_colors_info=&#8220;{}&#8220; custom_padding__hover=&#8220;|||&#8220;][et_pb_image src=&#8220;http:\/\/tischlerei-dell-missier.de\/wp-content\/uploads\/2016\/05\/bundv.jpg&#8220; align_tablet=&#8220;center&#8220; align_last_edited=&#8220;on|desktop&#8220; admin_label=&#8220;Bild&#8220; _builder_version=&#8220;4.16&#8243; animation=&#8220;off&#8220; use_border_color=&#8220;off&#8220; border_color=&#8220;#ffffff&#8220; border_style=&#8220;solid&#8220; sticky=&#8220;off&#8220; always_center_on_mobile=&#8220;on&#8220; global_colors_info=&#8220;{}&#8220; align_phone=&#8220;center&#8220;] [\/et_pb_image][\/et_pb_column][et_pb_column type=&#8220;3_4&#8243; _builder_version=&#8220;4.16&#8243; custom_padding=&#8220;|||&#8220; global_colors_info=&#8220;{}&#8220; custom_padding__hover=&#8220;|||&#8220;][et_pb_text admin_label=&#8220;Text&#8220; _builder_version=&#8220;4.16&#8243; background_size=&#8220;initial&#8220; background_position=&#8220;top_left&#8220; background_repeat=&#8220;repeat&#8220; use_border_color=&#8220;off&#8220; border_color=&#8220;#ffffff&#8220; border_style=&#8220;solid&#8220; global_colors_info=&#8220;{}&#8220;]<\/p>\n<h4><strong>Eine S\u00e4ule die tr\u00e4gt&#8230;<\/strong><\/h4>\n<p>Eine besondere Qualit\u00e4t erreicht unsere Handwerksware durch unsere Mitarbeiter.<\/p>\n<p>Einsatzfreude, gro\u00dfes Fachwissen, handwerkliches Geschick, Offenheit f\u00fcr neues eine hohe Identifikation mit dem Werkst\u00fcck im Zusammenspiel mit einem ausgepr\u00e4gten Qualit\u00e4tsanspruch an die Eigene Arbeit zeichnet jeden einzelnen unseres kleinen aber feinen Teams aus.<\/p>\n<p>Tischlermeister J\u00f6rg Keggenhoff, mit 36 Jahren Berufserfahrung, Altgeselle Julius Kristensen 25 Jahre Berufserfahrung und Tischlermeister Tim Brinkmann mit 24 Jahren Berufserfahrung,\u00a0setzen nicht nur mit gro\u00dfer Fertigkeit, Akkuratesse und Weitblick auf Folgegewerke, Benutzerfreundlichkeit des Werkst\u00fcckes, Kundenzufiedenheit und mit Freundlichkeit um, mit entsprechender Fachkenntnis und Ideen agieren sie au\u00dferdem stets zum Wohle der Tischlerei und letztlich dem Kunden durch individuelles und gemeinsames erarbeiten von umsetzbaren L\u00f6sungsans\u00e4tzen bei schwierigsten Aufgabenstellungen und tragen so immer zuverl\u00e4ssig zum angestrebten, Best m\u00f6glichen Endergebnis, weit \u00fcber das \u00fcbliche Ma\u00df hinaus mit bei.<\/p>\n<p>Wir sind sehr froh eine so tolle und verl\u00e4ssliche Truppe am Start zu haben.<\/p>\n<p>&nbsp;<\/p>\n<p>[\/et_pb_text][\/et_pb_column][\/et_pb_row][\/et_pb_section][et_pb_section fb_built=&#8220;1&#8243; admin_label=&#8220;Sektion&#8220; _builder_version=&#8220;4.16&#8243; global_colors_info=&#8220;{}&#8220;][et_pb_row admin_label=&#8220;Zeile&#8220; _builder_version=&#8220;4.16&#8243; background_size=&#8220;initial&#8220; background_position=&#8220;top_left&#8220; background_repeat=&#8220;repeat&#8220; global_colors_info=&#8220;{}&#8220; column_structure=&#8220;1_3,1_3,1_3&#8243; custom_margin=&#8220;-1px|auto||auto||&#8220;][et_pb_column type=&#8220;1_3&#8243; _builder_version=&#8220;4.16&#8243; custom_padding=&#8220;|||&#8220; global_colors_info=&#8220;{}&#8220; custom_padding__hover=&#8220;|||&#8220;][et_pb_testimonial author=&#8220;J\u00f6rg Keggenhoff&#8220; job_title=&#8220;Tischlermeister&#8220; portrait_url=&#8220;http:\/\/tischlerei-dell-missier.de\/wp-content\/uploads\/2016\/10\/joerg.jpg&#8220; quote_icon=&#8220;off&#8220; portrait_width=&#8220;200&#8243; portrait_height=&#8220;200&#8243; admin_label=&#8220;Testimonial&#8220; _builder_version=&#8220;4.16&#8243; use_background_color=&#8220;off&#8220; background_size=&#8220;initial&#8220; background_position=&#8220;top_left&#8220; background_repeat=&#8220;repeat&#8220; text_orientation=&#8220;center&#8220; border_radii_portrait=&#8220;on|100px|100px|100px|100px&#8220; use_border_color=&#8220;off&#8220; border_color=&#8220;#ffffff&#8220; border_style=&#8220;solid&#8220; portrait_border_radius=&#8220;100&#8243; global_colors_info=&#8220;{}&#8220;] [\/et_pb_testimonial][\/et_pb_column][et_pb_column _builder_version=&#8220;4.24.0&#8243; _module_preset=&#8220;default&#8220; type=&#8220;1_3&#8243;][et_pb_testimonial author=&#8220;Tim Brinkmann&#8220; job_title=&#8220;Tischlermeister&#8220; portrait_url=&#8220;http:\/\/tischlerei-dell-missier.de\/wp-content\/uploads\/2016\/10\/neuer.jpg&#8220; quote_icon=&#8220;off&#8220; portrait_width=&#8220;200&#8243; portrait_height=&#8220;200&#8243; admin_label=&#8220;Testimonial&#8220; _builder_version=&#8220;4.16&#8243; use_background_color=&#8220;off&#8220; background_size=&#8220;initial&#8220; background_position=&#8220;top_left&#8220; background_repeat=&#8220;repeat&#8220; text_orientation=&#8220;center&#8220; border_radii_portrait=&#8220;on|100px|100px|100px|100px&#8220; use_border_color=&#8220;off&#8220; border_color=&#8220;#ffffff&#8220; border_style=&#8220;solid&#8220; portrait_border_radius=&#8220;100&#8243; global_colors_info=&#8220;{}&#8220;] [\/et_pb_testimonial][\/et_pb_column][et_pb_column type=&#8220;1_3&#8243; _builder_version=&#8220;4.16&#8243; custom_padding=&#8220;|||&#8220; global_colors_info=&#8220;{}&#8220; custom_padding__hover=&#8220;|||&#8220;][et_pb_testimonial author=&#8220;Justus&#8220; job_title=&#8220;Werkstatthund&#8220; portrait_url=&#8220;http:\/\/tischlerei-dell-missier.de\/wp-content\/uploads\/2016\/10\/hund.jpg&#8220; quote_icon=&#8220;off&#8220; portrait_width=&#8220;200&#8243; portrait_height=&#8220;200&#8243; admin_label=&#8220;Testimonial&#8220; _builder_version=&#8220;4.16&#8243; use_background_color=&#8220;off&#8220; background_size=&#8220;initial&#8220; background_position=&#8220;top_left&#8220; background_repeat=&#8220;repeat&#8220; text_orientation=&#8220;center&#8220; border_radii_portrait=&#8220;on|100px|100px|100px|100px&#8220; use_border_color=&#8220;off&#8220; border_color=&#8220;#ffffff&#8220; border_style=&#8220;solid&#8220; portrait_border_radius=&#8220;100&#8243; global_colors_info=&#8220;{}&#8220;] [\/et_pb_testimonial][\/et_pb_column][\/et_pb_row][\/et_pb_section]<\/p>\n","protected":false},"excerpt":{"rendered":"<p>Eine S\u00e4ule die tr\u00e4gt&#8230; Eine besondere Qualit\u00e4t erreicht unsere Handwerksware durch unsere Mitarbeiter. Einsatzfreude, gro\u00dfes Fachwissen, handwerkliches Geschick, Offenheit f\u00fcr neues eine hohe Identifikation mit dem Werkst\u00fcck im Zusammenspiel mit einem ausgepr\u00e4gten Qualit\u00e4tsanspruch an die Eigene Arbeit zeichnet jeden einzelnen unseres kleinen aber feinen Teams aus. Tischlermeister J\u00f6rg Keggenhoff, mit 36 Jahren Berufserfahrung, Altgeselle Julius [&hellip;]<\/p>\n","protected":false},"author":1,"featured_media":0,"parent":0,"menu_order":0,"comment_status":"closed","ping_status":"open","template":"","meta":{"_et_pb_use_builder":"on","_et_pb_old_content":"<p>This is an example page. It's different from a blog post because it will stay in one place and will show up in your site navigation (in most themes). Most people start with an About page that introduces them to potential site visitors. It might say something like this:<\/p><blockquote><p>Hi there! I'm a bike messenger by day, aspiring actor by night, and this is my website. I live in Los Angeles, have a great dog named Jack, and I like pi\u00f1a coladas. (And gettin' caught in the rain.)<\/p><\/blockquote><p>...or something like this:<\/p><blockquote><p>The XYZ Doohickey Company was founded in 1971, and has been providing quality doohickeys to the public ever since. Located in Gotham City, XYZ employs over 2,000 people and does all kinds of awesome things for the Gotham community.<\/p><\/blockquote><p>As a new WordPress user, you should go to <a href=\"http:\/\/wp452m.a10-52-158-154.qa.plesk.ru\/wordpress\/wp-admin\/\">your dashboard<\/a> to delete this page and create new pages for your content. Have fun!<\/p>","_et_gb_content_width":"","footnotes":""},"yoast_head":"<!-- This site is optimized with the Yoast SEO plugin v20.2.1 - https:\/\/yoast.com\/wordpress\/plugins\/seo\/ -->\n<title>Unser Team - Tischlerei Dell-Missier Amrum<\/title>\n<meta name=\"robots\" content=\"index, follow, max-snippet:-1, max-image-preview:large, max-video-preview:-1\" \/>\n<link rel=\"canonical\" href=\"https:\/\/tischlerei-dell-missier.de\/?page_id=170\" \/>\n<meta property=\"og:locale\" content=\"de_DE\" \/>\n<meta property=\"og:type\" content=\"article\" \/>\n<meta property=\"og:title\" content=\"Unser Team - Tischlerei Dell-Missier Amrum\" \/>\n<meta property=\"og:description\" content=\"Eine S\u00e4ule die tr\u00e4gt... Eine besondere Qualit\u00e4t erreicht unsere Handwerksware durch unsere Mitarbeiter. Einsatzfreude, gro\u00dfes Fachwissen, handwerkliches Geschick, Offenheit f\u00fcr neues eine hohe Identifikation mit dem Werkst\u00fcck im Zusammenspiel mit einem ausgepr\u00e4gten Qualit\u00e4tsanspruch an die Eigene Arbeit zeichnet jeden einzelnen unseres kleinen aber feinen Teams aus. Tischlermeister J\u00f6rg Keggenhoff, mit 36 Jahren Berufserfahrung, Altgeselle Julius [&hellip;]\" \/>\n<meta property=\"og:url\" content=\"https:\/\/tischlerei-dell-missier.de\/?page_id=170\" \/>\n<meta property=\"og:site_name\" content=\"Tischlerei Dell-Missier Amrum\" \/>\n<meta property=\"article:modified_time\" content=\"2024-03-24T10:14:43+00:00\" \/>\n<meta name=\"twitter:card\" content=\"summary_large_image\" \/>\n<meta name=\"twitter:label1\" content=\"Gesch\u00e4tzte Lesezeit\" \/>\n\t<meta name=\"twitter:data1\" content=\"4 Minuten\" \/>\n<script type=\"application\/ld+json\" class=\"yoast-schema-graph\">{\"@context\":\"https:\/\/schema.org\",\"@graph\":[{\"@type\":\"WebPage\",\"@id\":\"https:\/\/tischlerei-dell-missier.de\/?page_id=170\",\"url\":\"https:\/\/tischlerei-dell-missier.de\/?page_id=170\",\"name\":\"Unser Team - Tischlerei Dell-Missier Amrum\",\"isPartOf\":{\"@id\":\"https:\/\/tischlerei-dell-missier.de\/#website\"},\"datePublished\":\"2016-10-21T08:58:58+00:00\",\"dateModified\":\"2024-03-24T10:14:43+00:00\",\"breadcrumb\":{\"@id\":\"https:\/\/tischlerei-dell-missier.de\/?page_id=170#breadcrumb\"},\"inLanguage\":\"de-DE\",\"potentialAction\":[{\"@type\":\"ReadAction\",\"target\":[\"https:\/\/tischlerei-dell-missier.de\/?page_id=170\"]}]},{\"@type\":\"BreadcrumbList\",\"@id\":\"https:\/\/tischlerei-dell-missier.de\/?page_id=170#breadcrumb\",\"itemListElement\":[{\"@type\":\"ListItem\",\"position\":1,\"name\":\"Startseite\",\"item\":\"https:\/\/tischlerei-dell-missier.de\/\"},{\"@type\":\"ListItem\",\"position\":2,\"name\":\"Unser Team\"}]},{\"@type\":\"WebSite\",\"@id\":\"https:\/\/tischlerei-dell-missier.de\/#website\",\"url\":\"https:\/\/tischlerei-dell-missier.de\/\",\"name\":\"Tischlerei Dell-Missier Amrum\",\"description\":\"Tischlerei auf der Nordseeinsel Amrum\",\"potentialAction\":[{\"@type\":\"SearchAction\",\"target\":{\"@type\":\"EntryPoint\",\"urlTemplate\":\"https:\/\/tischlerei-dell-missier.de\/?s={search_term_string}\"},\"query-input\":\"required name=search_term_string\"}],\"inLanguage\":\"de-DE\"}]}<\/script>\n<!-- \/ Yoast SEO plugin. -->","yoast_head_json":{"title":"Unser Team - Tischlerei Dell-Missier Amrum","robots":{"index":"index","follow":"follow","max-snippet":"max-snippet:-1","max-image-preview":"max-image-preview:large","max-video-preview":"max-video-preview:-1"},"canonical":"https:\/\/tischlerei-dell-missier.de\/?page_id=170","og_locale":"de_DE","og_type":"article","og_title":"Unser Team - Tischlerei Dell-Missier Amrum","og_description":"Eine S\u00e4ule die tr\u00e4gt... Eine besondere Qualit\u00e4t erreicht unsere Handwerksware durch unsere Mitarbeiter. Einsatzfreude, gro\u00dfes Fachwissen, handwerkliches Geschick, Offenheit f\u00fcr neues eine hohe Identifikation mit dem Werkst\u00fcck im Zusammenspiel mit einem ausgepr\u00e4gten Qualit\u00e4tsanspruch an die Eigene Arbeit zeichnet jeden einzelnen unseres kleinen aber feinen Teams aus. Tischlermeister J\u00f6rg Keggenhoff, mit 36 Jahren Berufserfahrung, Altgeselle Julius [&hellip;]","og_url":"https:\/\/tischlerei-dell-missier.de\/?page_id=170","og_site_name":"Tischlerei Dell-Missier Amrum","article_modified_time":"2024-03-24T10:14:43+00:00","twitter_card":"summary_large_image","twitter_misc":{"Gesch\u00e4tzte Lesezeit":"4 Minuten"},"schema":{"@context":"https:\/\/schema.org","@graph":[{"@type":"WebPage","@id":"https:\/\/tischlerei-dell-missier.de\/?page_id=170","url":"https:\/\/tischlerei-dell-missier.de\/?page_id=170","name":"Unser Team - Tischlerei Dell-Missier Amrum","isPartOf":{"@id":"https:\/\/tischlerei-dell-missier.de\/#website"},"datePublished":"2016-10-21T08:58:58+00:00","dateModified":"2024-03-24T10:14:43+00:00","breadcrumb":{"@id":"https:\/\/tischlerei-dell-missier.de\/?page_id=170#breadcrumb"},"inLanguage":"de-DE","potentialAction":[{"@type":"ReadAction","target":["https:\/\/tischlerei-dell-missier.de\/?page_id=170"]}]},{"@type":"BreadcrumbList","@id":"https:\/\/tischlerei-dell-missier.de\/?page_id=170#breadcrumb","itemListElement":[{"@type":"ListItem","position":1,"name":"Startseite","item":"https:\/\/tischlerei-dell-missier.de\/"},{"@type":"ListItem","position":2,"name":"Unser Team"}]},{"@type":"WebSite","@id":"https:\/\/tischlerei-dell-missier.de\/#website","url":"https:\/\/tischlerei-dell-missier.de\/","name":"Tischlerei Dell-Missier Amrum","description":"Tischlerei auf der Nordseeinsel Amrum","potentialAction":[{"@type":"SearchAction","target":{"@type":"EntryPoint","urlTemplate":"https:\/\/tischlerei-dell-missier.de\/?s={search_term_string}"},"query-input":"required name=search_term_string"}],"inLanguage":"de-DE"}]}},"_links":{"self":[{"href":"https:\/\/tischlerei-dell-missier.de\/index.php?rest_route=\/wp\/v2\/pages\/170"}],"collection":[{"href":"https:\/\/tischlerei-dell-missier.de\/index.php?rest_route=\/wp\/v2\/pages"}],"about":[{"href":"https:\/\/tischlerei-dell-missier.de\/index.php?rest_route=\/wp\/v2\/types\/page"}],"author":[{"embeddable":true,"href":"https:\/\/tischlerei-dell-missier.de\/index.php?rest_route=\/wp\/v2\/users\/1"}],"replies":[{"embeddable":true,"href":"https:\/\/tischlerei-dell-missier.de\/index.php?rest_route=%2Fwp%2Fv2%2Fcomments&post=170"}],"version-history":[{"count":27,"href":"https:\/\/tischlerei-dell-missier.de\/index.php?rest_route=\/wp\/v2\/pages\/170\/revisions"}],"predecessor-version":[{"id":447,"href":"https:\/\/tischlerei-dell-missier.de\/index.php?rest_route=\/wp\/v2\/pages\/170\/revisions\/447"}],"wp:attachment":[{"href":"https:\/\/tischlerei-dell-missier.de\/index.php?rest_route=%2Fwp%2Fv2%2Fmedia&parent=170"}],"curies":[{"name":"wp","href":"https:\/\/api.w.org\/{rel}","templated":true}]}}